{"id":267,"date":"2025-09-01T21:14:48","date_gmt":"2025-09-01T21:14:48","guid":{"rendered":"https:\/\/isernonprofit.com\/?page_id=267"},"modified":"2025-09-12T14:55:06","modified_gmt":"2025-09-12T14:55:06","slug":"sobre-nosotros","status":"publish","type":"page","link":"https:\/\/www.isernonprofit.com\/en\/sobre-nosotros\/","title":{"rendered":"sobre nosotros"},"content":{"rendered":"<div data-elementor-type=\"wp-page\" data-elementor-id=\"267\" class=\"elementor elementor-267\">\n\t\t\t\t<div class=\"elementor-element elementor-element-8003af0 e-flex e-con-boxed e-con e-parent\" data-id=\"8003af0\" data-element_type=\"container\">\n\t\t\t\t\t<div class=\"e-con-inner\">\n\t\t<div class=\"elementor-element elementor-element-71fea59 e-con-full e-flex e-con e-child\" data-id=\"71fea59\" data-element_type=\"container\">\n\t\t\t\t<div class=\"elementor-element elementor-element-6747af7 elementor-widget-mobile__width-initial elementor-widget elementor-widget-heading\" data-id=\"6747af7\" data-element_type=\"widget\" data-widget_type=\"heading.default\">\n\t\t\t\t\t<h2 class=\"elementor-heading-title elementor-size-default\">Who are we?<\/h2>\t\t\t\t<\/div>\n\t\t\t\t<\/div>\n\t\t<div class=\"elementor-element elementor-element-fe315a1 e-con-full e-flex e-con e-child\" data-id=\"fe315a1\" data-element_type=\"container\">\n\t\t\t\t<div class=\"elementor-element elementor-element-7874812 elementor-widget-mobile__width-initial elementor-widget-tablet__width-initial elementor-widget elementor-widget-text-editor\" data-id=\"7874812\" data-element_type=\"widget\" data-widget_type=\"text-editor.default\">\n\t\t\t\t\t\t\t\t\t<p>At ISER, we support migrants in their emotional, spiritual, and inner healing processes.<\/p><p>We know that migrating isn&#039;t just about changing countries: it&#039;s also about letting go, rebuilding, facing invisible grief, and finding new ways to live.<\/p><p>We create safe, culturally sensitive spaces for those who need to reconnect with themselves and their history, in their own language, based on their experience.<\/p><p>We are an organization created by and for Latinos.<br \/>We heal with dignity, from empathy and respect.<\/p>\t\t\t\t\t\t\t\t<\/div>\n\t\t\t\t<\/div>\n\t\t\t\t\t<\/div>\n\t\t\t\t<\/div>\n\t\t<div class=\"elementor-element elementor-element-4ca8606 e-con-full e-flex e-con e-parent\" data-id=\"4ca8606\" data-element_type=\"container\">\n\t\t<div class=\"elementor-element elementor-element-2d2981e e-con-full e-flex e-con e-child\" data-id=\"2d2981e\" data-element_type=\"container\" data-settings=\"{&quot;background_background&quot;:&quot;classic&quot;}\">\n\t\t\t\t<div class=\"elementor-element elementor-element-5f2c763 elementor-widget-mobile__width-initial elementor-widget__width-initial elementor-widget elementor-widget-heading\" data-id=\"5f2c763\" data-element_type=\"widget\" data-widget_type=\"heading.default\">\n\t\t\t\t\t<h2 class=\"elementor-heading-title elementor-size-default\">Mission<\/h2>\t\t\t\t<\/div>\n\t\t\t\t<div class=\"elementor-element elementor-element-fb6e638 elementor-widget__width-initial elementor-widget-mobile__width-initial elementor-widget elementor-widget-text-editor\" data-id=\"fb6e638\" data-element_type=\"widget\" data-widget_type=\"text-editor.default\">\n\t\t\t\t\t\t\t\t\t<p>At ISER, we support migrants in healing grief and migration trauma through integrative practices such as yoga, meditation, and family constellations.<\/p>\n<p>We are committed to strengthening emotional resilience, community connection, and a more balanced life rooted in dignity and hope.<\/p>\t\t\t\t\t\t\t\t<\/div>\n\t\t\t\t<\/div>\n\t\t<div class=\"elementor-element elementor-element-6aa95d0 e-con-full e-flex e-con e-child\" data-id=\"6aa95d0\" data-element_type=\"container\" data-settings=\"{&quot;background_background&quot;:&quot;classic&quot;}\">\n\t\t\t\t<div class=\"elementor-element elementor-element-379a874 elementor-widget-mobile__width-initial elementor-widget__width-initial elementor-widget elementor-widget-heading\" data-id=\"379a874\" data-element_type=\"widget\" data-widget_type=\"heading.default\">\n\t\t\t\t\t<h2 class=\"elementor-heading-title elementor-size-default\">Vision<\/h2>\t\t\t\t<\/div>\n\t\t\t\t<div class=\"elementor-element elementor-element-b83127c elementor-widget__width-initial elementor-widget-mobile__width-initial elementor-widget elementor-widget-text-editor\" data-id=\"b83127c\" data-element_type=\"widget\" data-widget_type=\"text-editor.default\">\n\t\t\t\t\t\t\t\t\t<p>We envision a future where ISER is an international benchmark in emotional healing for migrants, leading a profound change in how communities understand and address migratory grief.<\/p>\n<p>We want to be a pioneering organization where thousands of migrants find a safe space to reconnect with their inner strength, heal with dignity, and rebuild their lives with hope.<\/p>\t\t\t\t\t\t\t\t<\/div>\n\t\t\t\t<\/div>\n\t\t\t\t<\/div>\n\t\t<div class=\"elementor-element elementor-element-54131bc e-flex e-con-boxed e-con e-parent\" data-id=\"54131bc\" data-element_type=\"container\">\n\t\t\t\t\t<div class=\"e-con-inner\">\n\t\t\t\t<div class=\"elementor-element elementor-element-a8ecd54 elementor-widget-mobile__width-initial elementor-widget__width-initial elementor-widget elementor-widget-heading\" data-id=\"a8ecd54\" data-element_type=\"widget\" data-widget_type=\"heading.default\">\n\t\t\t\t\t<h2 class=\"elementor-heading-title elementor-size-default\">Our values<\/h2>\t\t\t\t<\/div>\n\t\t\t\t\t<\/div>\n\t\t\t\t<\/div>\n\t\t<div class=\"elementor-element elementor-element-02be62c e-flex e-con-boxed e-con e-parent\" data-id=\"02be62c\" data-element_type=\"container\">\n\t\t\t\t\t<div class=\"e-con-inner\">\n\t\t<div class=\"elementor-element elementor-element-f94ec89 e-con-full e-flex e-con e-child\" data-id=\"f94ec89\" data-element_type=\"container\">\n\t\t\t\t<div class=\"elementor-element elementor-element-2b3a987 elementor-widget elementor-widget-image\" data-id=\"2b3a987\" data-element_type=\"widget\" data-widget_type=\"image.default\">\n\t\t\t\t\t\t\t\t\t\t\t\t\t\t\t<img fetchpriority=\"high\" decoding=\"async\" width=\"637\" height=\"651\" src=\"https:\/\/www.isernonprofit.com\/wp-content\/uploads\/2025\/09\/SERV-03.png\" class=\"attachment-large size-large wp-image-306\" alt=\"\" srcset=\"https:\/\/www.isernonprofit.com\/wp-content\/uploads\/2025\/09\/SERV-03.png 637w, https:\/\/www.isernonprofit.com\/wp-content\/uploads\/2025\/09\/SERV-03-294x300.png 294w\" sizes=\"(max-width: 637px) 100vw, 637px\" \/>\t\t\t\t\t\t\t\t\t\t\t\t\t\t\t<\/div>\n\t\t\t\t<div class=\"elementor-element elementor-element-f08c783 elementor-widget elementor-widget-heading\" data-id=\"f08c783\" data-element_type=\"widget\" data-widget_type=\"heading.default\">\n\t\t\t\t\t<h2 class=\"elementor-heading-title elementor-size-default\">Healing as a center<\/h2>\t\t\t\t<\/div>\n\t\t\t\t<div class=\"elementor-element elementor-element-ac9da01 elementor-widget__width-initial elementor-widget-mobile__width-initial elementor-widget elementor-widget-text-editor\" data-id=\"ac9da01\" data-element_type=\"widget\" data-widget_type=\"text-editor.default\">\n\t\t\t\t\t\t\t\t\t<p>We prioritize emotional and spiritual healing as the foundation of individual and collective well-being.<\/p>\t\t\t\t\t\t\t\t<\/div>\n\t\t\t\t<\/div>\n\t\t<div class=\"elementor-element elementor-element-c5a3c96 e-con-full e-flex e-con e-child\" data-id=\"c5a3c96\" data-element_type=\"container\">\n\t\t\t\t<div class=\"elementor-element elementor-element-99ff82e elementor-widget elementor-widget-image\" data-id=\"99ff82e\" data-element_type=\"widget\" data-widget_type=\"image.default\">\n\t\t\t\t\t\t\t\t\t\t\t\t\t\t\t<img decoding=\"async\" width=\"637\" height=\"650\" src=\"https:\/\/www.isernonprofit.com\/wp-content\/uploads\/2025\/09\/SERV-04.png\" class=\"attachment-large size-large wp-image-307\" alt=\"\" srcset=\"https:\/\/www.isernonprofit.com\/wp-content\/uploads\/2025\/09\/SERV-04.png 637w, https:\/\/www.isernonprofit.com\/wp-content\/uploads\/2025\/09\/SERV-04-294x300.png 294w\" sizes=\"(max-width: 637px) 100vw, 637px\" \/>\t\t\t\t\t\t\t\t\t\t\t\t\t\t\t<\/div>\n\t\t\t\t<div class=\"elementor-element elementor-element-21f802f elementor-widget elementor-widget-heading\" data-id=\"21f802f\" data-element_type=\"widget\" data-widget_type=\"heading.default\">\n\t\t\t\t\t<h2 class=\"elementor-heading-title elementor-size-default\">Dignity and respect<\/h2>\t\t\t\t<\/div>\n\t\t\t\t<div class=\"elementor-element elementor-element-64058d8 elementor-widget__width-initial elementor-widget-mobile__width-initial elementor-widget elementor-widget-text-editor\" data-id=\"64058d8\" data-element_type=\"widget\" data-widget_type=\"text-editor.default\">\n\t\t\t\t\t\t\t\t\t<p>We honor the unique value of every person, regardless of their history, status, or country of origin.<\/p>\t\t\t\t\t\t\t\t<\/div>\n\t\t\t\t<\/div>\n\t\t<div class=\"elementor-element elementor-element-f2b7e43 e-con-full e-flex e-con e-child\" data-id=\"f2b7e43\" data-element_type=\"container\">\n\t\t\t\t<div class=\"elementor-element elementor-element-68a12a2 elementor-widget elementor-widget-image\" data-id=\"68a12a2\" data-element_type=\"widget\" data-widget_type=\"image.default\">\n\t\t\t\t\t\t\t\t\t\t\t\t\t\t\t<img decoding=\"async\" width=\"637\" height=\"650\" src=\"https:\/\/www.isernonprofit.com\/wp-content\/uploads\/2025\/09\/SERV-05.png\" class=\"attachment-large size-large wp-image-308\" alt=\"\" srcset=\"https:\/\/www.isernonprofit.com\/wp-content\/uploads\/2025\/09\/SERV-05.png 637w, https:\/\/www.isernonprofit.com\/wp-content\/uploads\/2025\/09\/SERV-05-294x300.png 294w\" sizes=\"(max-width: 637px) 100vw, 637px\" \/>\t\t\t\t\t\t\t\t\t\t\t\t\t\t\t<\/div>\n\t\t\t\t<div class=\"elementor-element elementor-element-b71bfe5 elementor-widget elementor-widget-heading\" data-id=\"b71bfe5\" data-element_type=\"widget\" data-widget_type=\"heading.default\">\n\t\t\t\t\t<h2 class=\"elementor-heading-title elementor-size-default\"> Community and connection<\/h2>\t\t\t\t<\/div>\n\t\t\t\t<div class=\"elementor-element elementor-element-8b814ca elementor-widget__width-initial elementor-widget-mobile__width-initial elementor-widget elementor-widget-text-editor\" data-id=\"8b814ca\" data-element_type=\"widget\" data-widget_type=\"text-editor.default\">\n\t\t\t\t\t\t\t\t\t<p>We believe that healing is a process that occurs in relationship: with others, with the spiritual, and with oneself.<\/p>\t\t\t\t\t\t\t\t<\/div>\n\t\t\t\t<\/div>\n\t\t<div class=\"elementor-element elementor-element-9d3f0e5 e-con-full e-flex e-con e-child\" data-id=\"9d3f0e5\" data-element_type=\"container\">\n\t\t\t\t<div class=\"elementor-element elementor-element-7e3bdfb elementor-widget elementor-widget-image\" data-id=\"7e3bdfb\" data-element_type=\"widget\" data-widget_type=\"image.default\">\n\t\t\t\t\t\t\t\t\t\t\t\t\t\t\t<img loading=\"lazy\" decoding=\"async\" width=\"637\" height=\"651\" src=\"https:\/\/www.isernonprofit.com\/wp-content\/uploads\/2025\/09\/SERV-06.png\" class=\"attachment-large size-large wp-image-309\" alt=\"\" srcset=\"https:\/\/www.isernonprofit.com\/wp-content\/uploads\/2025\/09\/SERV-06.png 637w, https:\/\/www.isernonprofit.com\/wp-content\/uploads\/2025\/09\/SERV-06-294x300.png 294w\" sizes=\"(max-width: 637px) 100vw, 637px\" \/>\t\t\t\t\t\t\t\t\t\t\t\t\t\t\t<\/div>\n\t\t\t\t<div class=\"elementor-element elementor-element-c4745e4 elementor-widget elementor-widget-heading\" data-id=\"c4745e4\" data-element_type=\"widget\" data-widget_type=\"heading.default\">\n\t\t\t\t\t<h2 class=\"elementor-heading-title elementor-size-default\"> Inclusion and <br>\ncultural sensitivity<\/h2>\t\t\t\t<\/div>\n\t\t\t\t<div class=\"elementor-element elementor-element-5baa79c elementor-widget__width-initial elementor-widget-mobile__width-initial elementor-widget elementor-widget-text-editor\" data-id=\"5baa79c\" data-element_type=\"widget\" data-widget_type=\"text-editor.default\">\n\t\t\t\t\t\t\t\t\tWe celebrate the diversity of migrant experiences and offer culturally aware support.\t\t\t\t\t\t\t\t<\/div>\n\t\t\t\t<\/div>\n\t\t<div class=\"elementor-element elementor-element-cb5a37b e-con-full e-flex e-con e-child\" data-id=\"cb5a37b\" data-element_type=\"container\">\n\t\t\t\t<div class=\"elementor-element elementor-element-7e28531 elementor-widget elementor-widget-image\" data-id=\"7e28531\" data-element_type=\"widget\" data-widget_type=\"image.default\">\n\t\t\t\t\t\t\t\t\t\t\t\t\t\t\t<img loading=\"lazy\" decoding=\"async\" width=\"637\" height=\"650\" src=\"https:\/\/www.isernonprofit.com\/wp-content\/uploads\/2025\/09\/SERV-07.png\" class=\"attachment-large size-large wp-image-310\" alt=\"\" srcset=\"https:\/\/www.isernonprofit.com\/wp-content\/uploads\/2025\/09\/SERV-07.png 637w, https:\/\/www.isernonprofit.com\/wp-content\/uploads\/2025\/09\/SERV-07-294x300.png 294w\" sizes=\"(max-width: 637px) 100vw, 637px\" \/>\t\t\t\t\t\t\t\t\t\t\t\t\t\t\t<\/div>\n\t\t\t\t<div class=\"elementor-element elementor-element-0e5eb57 elementor-widget elementor-widget-heading\" data-id=\"0e5eb57\" data-element_type=\"widget\" data-widget_type=\"heading.default\">\n\t\t\t\t\t<h2 class=\"elementor-heading-title elementor-size-default\"> Resilience and <br>\nempowerment<\/h2>\t\t\t\t<\/div>\n\t\t\t\t<div class=\"elementor-element elementor-element-927123c elementor-widget__width-initial elementor-widget-mobile__width-initial elementor-widget elementor-widget-text-editor\" data-id=\"927123c\" data-element_type=\"widget\" data-widget_type=\"text-editor.default\">\n\t\t\t\t\t\t\t\t\t<p>We foster emotional resilience and help people build more fulfilling and balanced lives.<\/p>\t\t\t\t\t\t\t\t<\/div>\n\t\t\t\t<\/div>\n\t\t<div class=\"elementor-element elementor-element-a3b33b0 e-con-full e-flex e-con e-child\" data-id=\"a3b33b0\" data-element_type=\"container\">\n\t\t\t\t<div class=\"elementor-element elementor-element-dca9a79 elementor-widget elementor-widget-image\" data-id=\"dca9a79\" data-element_type=\"widget\" data-widget_type=\"image.default\">\n\t\t\t\t\t\t\t\t\t\t\t\t\t\t\t<img loading=\"lazy\" decoding=\"async\" width=\"637\" height=\"651\" src=\"https:\/\/www.isernonprofit.com\/wp-content\/uploads\/2025\/09\/SERV-08.png\" class=\"attachment-large size-large wp-image-311\" alt=\"\" srcset=\"https:\/\/www.isernonprofit.com\/wp-content\/uploads\/2025\/09\/SERV-08.png 637w, https:\/\/www.isernonprofit.com\/wp-content\/uploads\/2025\/09\/SERV-08-294x300.png 294w\" sizes=\"(max-width: 637px) 100vw, 637px\" \/>\t\t\t\t\t\t\t\t\t\t\t\t\t\t\t<\/div>\n\t\t\t\t<div class=\"elementor-element elementor-element-32b2829 elementor-widget elementor-widget-heading\" data-id=\"32b2829\" data-element_type=\"widget\" data-widget_type=\"heading.default\">\n\t\t\t\t\t<h2 class=\"elementor-heading-title elementor-size-default\">Healing as a center<\/h2>\t\t\t\t<\/div>\n\t\t\t\t<div class=\"elementor-element elementor-element-0d879dc elementor-widget__width-initial elementor-widget-mobile__width-initial elementor-widget elementor-widget-text-editor\" data-id=\"0d879dc\" data-element_type=\"widget\" data-widget_type=\"text-editor.default\">\n\t\t\t\t\t\t\t\t\t<p>We work with honesty, ethical commitment, and transparency in every process.<\/p>\t\t\t\t\t\t\t\t<\/div>\n\t\t\t\t<\/div>\n\t\t\t\t\t<\/div>\n\t\t\t\t<\/div>\n\t\t<div class=\"elementor-element elementor-element-2c225b3 e-con-full e-flex e-con e-parent\" data-id=\"2c225b3\" data-element_type=\"container\">\n\t\t<div class=\"elementor-element elementor-element-f062a52 e-con-full e-flex e-con e-child\" data-id=\"f062a52\" data-element_type=\"container\">\n\t\t<div class=\"elementor-element elementor-element-aa4e926 e-con-full e-flex e-con e-child\" data-id=\"aa4e926\" data-element_type=\"container\" data-settings=\"{&quot;background_background&quot;:&quot;classic&quot;}\">\n\t\t\t\t<\/div>\n\t\t<div class=\"elementor-element elementor-element-eab6f78 e-con-full e-flex e-con e-child\" data-id=\"eab6f78\" data-element_type=\"container\" data-settings=\"{&quot;background_background&quot;:&quot;classic&quot;}\">\n\t\t\t\t<div class=\"elementor-element elementor-element-e4de4aa elementor-widget-mobile__width-initial elementor-widget__width-initial elementor-widget elementor-widget-heading\" data-id=\"e4de4aa\" data-element_type=\"widget\" data-widget_type=\"heading.default\">\n\t\t\t\t\t<h2 class=\"elementor-heading-title elementor-size-default\"> Our team<\/h2>\t\t\t\t<\/div>\n\t\t\t\t<div class=\"elementor-element elementor-element-efd80fc elementor-widget__width-initial elementor-widget-mobile__width-initial elementor-widget elementor-widget-text-editor\" data-id=\"efd80fc\" data-element_type=\"widget\" data-widget_type=\"text-editor.default\">\n\t\t\t\t\t\t\t\t\t<p>\u00a0<\/p><p>ISER is led by migrants and allies with a deep connection to the communities we serve. Each team member brings their background, experience, and dedication to service.<\/p>\t\t\t\t\t\t\t\t<\/div>\n\t\t\t\t<\/div>\n\t\t\t\t<\/div>\n\t\t\t\t<\/div>\n\t\t<div class=\"elementor-element elementor-element-fa85ff9 e-flex e-con-boxed elementor-invisible e-con e-parent\" data-id=\"fa85ff9\" data-element_type=\"container\" data-settings=\"{&quot;animation&quot;:&quot;fadeInLeft&quot;}\">\n\t\t\t\t\t<div class=\"e-con-inner\">\n\t\t\t\t\t<\/div>\n\t\t\t\t<\/div>\n\t\t<div class=\"elementor-element elementor-element-0b45f72 e-flex e-con-boxed e-con e-parent\" data-id=\"0b45f72\" data-element_type=\"container\">\n\t\t\t\t\t<div class=\"e-con-inner\">\n\t\t\t\t<div class=\"elementor-element elementor-element-73ad722 elementor-widget elementor-widget-html\" data-id=\"73ad722\" data-element_type=\"widget\" data-widget_type=\"html.default\">\n\t\t\t\t\t<a href=\"https:\/\/www.paypal.com\/donate\/?hosted_button_id=QP6XJUZ2SHJ94\" target=\"_blank\" class=\"boton-donaciones\">\r\n  Donations\r\n<\/a>\t\t\t\t<\/div>\n\t\t\t\t\t<\/div>\n\t\t\t\t<\/div>\n\t\t\t\t<\/div>","protected":false},"excerpt":{"rendered":"<p>\u00bfQui\u00e9nes somos? En ISER acompa\u00f1amos a personas migrantes en sus procesos emocionales, espirituales y de sanaci\u00f3n interior. Sabemos que migrar no es solo cambiar de pa\u00eds: es tambi\u00e9n soltar, reconstruirse, enfrentar duelos invisibles y encontrar nuevas formas de habitarse. Creamos espacios seguros y culturalmente sensibles para quienes necesitan reconectar consigo mismos y con su historia, &#8230; <a title=\"sobre nosotros\" class=\"read-more\" href=\"https:\/\/www.isernonprofit.com\/en\/sobre-nosotros\/\" aria-label=\"Read more about sobre nosotros\">Read more<\/a><\/p>","protected":false},"author":1,"featured_media":0,"parent":0,"menu_order":0,"comment_status":"closed","ping_status":"closed","template":"elementor_canvas","meta":{"_joinchat":[],"footnotes":""},"class_list":["post-267","page","type-page","status-publish"],"_links":{"self":[{"href":"https:\/\/www.isernonprofit.com\/en\/wp-json\/wp\/v2\/pages\/267","targetHints":{"allow":["GET"]}}],"collection":[{"href":"https:\/\/www.isernonprofit.com\/en\/wp-json\/wp\/v2\/pages"}],"about":[{"href":"https:\/\/www.isernonprofit.com\/en\/wp-json\/wp\/v2\/types\/page"}],"author":[{"embeddable":true,"href":"https:\/\/www.isernonprofit.com\/en\/wp-json\/wp\/v2\/users\/1"}],"replies":[{"embeddable":true,"href":"https:\/\/www.isernonprofit.com\/en\/wp-json\/wp\/v2\/comments?post=267"}],"version-history":[{"count":253,"href":"https:\/\/www.isernonprofit.com\/en\/wp-json\/wp\/v2\/pages\/267\/revisions"}],"predecessor-version":[{"id":1855,"href":"https:\/\/www.isernonprofit.com\/en\/wp-json\/wp\/v2\/pages\/267\/revisions\/1855"}],"wp:attachment":[{"href":"https:\/\/www.isernonprofit.com\/en\/wp-json\/wp\/v2\/media?parent=267"}],"curies":[{"name":"wp","href":"https:\/\/api.w.org\/{rel}","templated":true}]}}