{"id":386,"date":"2025-09-02T00:47:06","date_gmt":"2025-09-02T00:47:06","guid":{"rendered":"https:\/\/isernonprofit.com\/?page_id=386"},"modified":"2025-09-10T20:13:45","modified_gmt":"2025-09-10T20:13:45","slug":"servicios","status":"publish","type":"page","link":"https:\/\/www.isernonprofit.com\/en\/servicios\/","title":{"rendered":"services"},"content":{"rendered":"<div data-elementor-type=\"wp-page\" data-elementor-id=\"386\" class=\"elementor elementor-386\">\n\t\t\t\t<div class=\"elementor-element elementor-element-1a22dbc e-con-full e-flex e-con e-parent\" data-id=\"1a22dbc\" data-element_type=\"container\" data-settings=\"{&quot;background_background&quot;:&quot;classic&quot;}\">\n\t\t\t\t<\/div>\n\t\t<div class=\"elementor-element elementor-element-544899d e-flex e-con-boxed e-con e-parent\" data-id=\"544899d\" data-element_type=\"container\">\n\t\t\t\t\t<div class=\"e-con-inner\">\n\t\t\t\t<div class=\"elementor-element elementor-element-603739d elementor-widget-mobile__width-initial elementor-widget elementor-widget-heading\" data-id=\"603739d\" data-element_type=\"widget\" data-widget_type=\"heading.default\">\n\t\t\t\t\t<h2 class=\"elementor-heading-title elementor-size-default\">All our services are free<\/h2>\t\t\t\t<\/div>\n\t\t\t\t\t<\/div>\n\t\t\t\t<\/div>\n\t\t<div class=\"elementor-element elementor-element-1dd0989 e-con-full e-flex e-con e-parent\" data-id=\"1dd0989\" data-element_type=\"container\">\n\t\t<div class=\"elementor-element elementor-element-16eee27 e-con-full e-flex e-con e-child\" data-id=\"16eee27\" data-element_type=\"container\" data-settings=\"{&quot;background_background&quot;:&quot;classic&quot;}\">\n\t\t\t\t<div class=\"elementor-element elementor-element-80900aa elementor-widget__width-initial elementor-widget-mobile__width-initial elementor-invisible elementor-widget elementor-widget-text-editor\" data-id=\"80900aa\" data-element_type=\"widget\" data-settings=\"{&quot;_animation&quot;:&quot;fadeInLeft&quot;}\" data-widget_type=\"text-editor.default\">\n\t\t\t\t\t\t\t\t\t<p>Integrative therapies for<br \/>he <span class=\"resaltado\">migratory mourning<\/span> and the<br \/>emotional well-being of<br \/>people <span class=\"resaltado\"> Latina migrants.<\/span><\/p>\t\t\t\t\t\t\t\t<\/div>\n\t\t\t\t<\/div>\n\t\t<div class=\"elementor-element elementor-element-a5537f5 e-con-full e-flex e-con e-child\" data-id=\"a5537f5\" data-element_type=\"container\" data-settings=\"{&quot;background_background&quot;:&quot;classic&quot;}\">\n\t\t\t\t<div class=\"elementor-element elementor-element-497515e elementor-widget__width-initial elementor-widget elementor-widget-text-editor\" data-id=\"497515e\" data-element_type=\"widget\" data-widget_type=\"text-editor.default\">\n\t\t\t\t\t\t\t\t\tAt ISER, we work with integrative healing tools to help you process the grief of migration, release pent-up emotions, reconnect with your energy, and move toward a more emotionally stable life. Our services are designed to provide you with warm and personalized support in virtual sessions lasting between 1 and 1.5 hours, guided by therapists who deeply understand what migration entails.\n<p style=\"font-family: 'Montserrat', sans-serif; font-size: 24px;\"><strong>Yoga \u00b7 Family Constellations \u00b7 Meditation<\/strong><\/p>\t\t\t\t\t\t\t\t<\/div>\n\t\t\t\t<\/div>\n\t\t\t\t<\/div>\n\t\t<div class=\"elementor-element elementor-element-dfe9a0b e-flex e-con-boxed e-con e-parent\" data-id=\"dfe9a0b\" data-element_type=\"container\">\n\t\t\t\t\t<div class=\"e-con-inner\">\n\t\t<div class=\"elementor-element elementor-element-ba830fd e-con-full e-flex e-con e-child\" data-id=\"ba830fd\" data-element_type=\"container\">\n\t\t\t\t<div class=\"elementor-element elementor-element-166328d elementor-widget elementor-widget-image\" data-id=\"166328d\" data-element_type=\"widget\" data-widget_type=\"image.default\">\n\t\t\t\t\t\t\t\t\t\t\t\t\t\t\t<img fetchpriority=\"high\" decoding=\"async\" width=\"1024\" height=\"699\" src=\"https:\/\/www.isernonprofit.com\/wp-content\/uploads\/2025\/09\/2-servicios-03-1024x699.png\" class=\"attachment-large size-large wp-image-389\" alt=\"\" srcset=\"https:\/\/www.isernonprofit.com\/wp-content\/uploads\/2025\/09\/2-servicios-03-1024x699.png 1024w, https:\/\/www.isernonprofit.com\/wp-content\/uploads\/2025\/09\/2-servicios-03-300x205.png 300w, https:\/\/www.isernonprofit.com\/wp-content\/uploads\/2025\/09\/2-servicios-03-768x525.png 768w, https:\/\/www.isernonprofit.com\/wp-content\/uploads\/2025\/09\/2-servicios-03-1536x1049.png 1536w, https:\/\/www.isernonprofit.com\/wp-content\/uploads\/2025\/09\/2-servicios-03-2048x1399.png 2048w\" sizes=\"(max-width: 1024px) 100vw, 1024px\" \/>\t\t\t\t\t\t\t\t\t\t\t\t\t\t\t<\/div>\n\t\t\t\t<\/div>\n\t\t<div class=\"elementor-element elementor-element-dc59f77 e-con-full e-flex e-con e-child\" data-id=\"dc59f77\" data-element_type=\"container\">\n\t\t\t\t<div class=\"elementor-element elementor-element-1aa5fe6 elementor-widget__width-initial elementor-widget elementor-widget-text-editor\" data-id=\"1aa5fe6\" data-element_type=\"widget\" data-widget_type=\"text-editor.default\">\n\t\t\t\t\t\t\t\t\t<p>Soon also of<\/p><p>in person in<\/p><p><strong>Chicago, USA<\/strong><\/p>\t\t\t\t\t\t\t\t<\/div>\n\t\t\t\t<\/div>\n\t\t\t\t\t<\/div>\n\t\t\t\t<\/div>\n\t\t<div class=\"elementor-element elementor-element-0c917d4 e-flex e-con-boxed e-con e-parent\" data-id=\"0c917d4\" data-element_type=\"container\">\n\t\t\t\t\t<div class=\"e-con-inner\">\n\t\t\t\t<div class=\"elementor-element elementor-element-769cfb1 elementor-widget elementor-widget-html\" data-id=\"769cfb1\" data-element_type=\"widget\" data-widget_type=\"html.default\">\n\t\t\t\t\t<a href=\"https:\/\/www.paypal.com\/donate\/?hosted_button_id=QP6XJUZ2SHJ94\" target=\"_blank\" class=\"boton-donaciones\">\r\n  Donations\r\n<\/a>\t\t\t\t<\/div>\n\t\t\t\t\t<\/div>\n\t\t\t\t<\/div>\n\t\t\t\t<\/div>","protected":false},"excerpt":{"rendered":"<p>Todos nuestros servicios son gratis Terapias integrativas parael duelo migratorio y elbienestar emocional depersonas migrantes latinas. En ISER trabajamos con herramientas de sanaci\u00f3n integrativa para ayudarte a procesar el duelo migratorio, liberar emociones contenidas, reconectar con tu energ\u00eda y avanzar hacia una vida m\u00e1s estable emocionalmente. Nuestros servicios est\u00e1n pensados para acompa\u00f1arte de forma c\u00e1lida &#8230; <a title=\"services\" class=\"read-more\" href=\"https:\/\/www.isernonprofit.com\/en\/servicios\/\" aria-label=\"Read more about servicios\">Read more<\/a><\/p>","protected":false},"author":1,"featured_media":0,"parent":0,"menu_order":0,"comment_status":"closed","ping_status":"closed","template":"elementor_canvas","meta":{"_joinchat":[],"footnotes":""},"class_list":["post-386","page","type-page","status-publish"],"_links":{"self":[{"href":"https:\/\/www.isernonprofit.com\/en\/wp-json\/wp\/v2\/pages\/386","targetHints":{"allow":["GET"]}}],"collection":[{"href":"https:\/\/www.isernonprofit.com\/en\/wp-json\/wp\/v2\/pages"}],"about":[{"href":"https:\/\/www.isernonprofit.com\/en\/wp-json\/wp\/v2\/types\/page"}],"author":[{"embeddable":true,"href":"https:\/\/www.isernonprofit.com\/en\/wp-json\/wp\/v2\/users\/1"}],"replies":[{"embeddable":true,"href":"https:\/\/www.isernonprofit.com\/en\/wp-json\/wp\/v2\/comments?post=386"}],"version-history":[{"count":91,"href":"https:\/\/www.isernonprofit.com\/en\/wp-json\/wp\/v2\/pages\/386\/revisions"}],"predecessor-version":[{"id":1764,"href":"https:\/\/www.isernonprofit.com\/en\/wp-json\/wp\/v2\/pages\/386\/revisions\/1764"}],"wp:attachment":[{"href":"https:\/\/www.isernonprofit.com\/en\/wp-json\/wp\/v2\/media?parent=386"}],"curies":[{"name":"wp","href":"https:\/\/api.w.org\/{rel}","templated":true}]}}