{"id":542,"date":"2025-09-02T20:39:18","date_gmt":"2025-09-02T20:39:18","guid":{"rendered":"https:\/\/isernonprofit.com\/?page_id=542"},"modified":"2025-09-10T20:27:50","modified_gmt":"2025-09-10T20:27:50","slug":"agenda","status":"publish","type":"page","link":"https:\/\/www.isernonprofit.com\/en\/agenda\/","title":{"rendered":"agenda"},"content":{"rendered":"<div data-elementor-type=\"wp-page\" data-elementor-id=\"542\" class=\"elementor elementor-542\">\n\t\t\t\t<div class=\"elementor-element elementor-element-52977bd e-con-full e-flex e-con e-parent\" data-id=\"52977bd\" data-element_type=\"container\" data-settings=\"{&quot;background_background&quot;:&quot;classic&quot;}\">\n\t\t\t\t<\/div>\n\t\t<div class=\"elementor-element elementor-element-d7cc8a3 e-flex e-con-boxed e-con e-parent\" data-id=\"d7cc8a3\" data-element_type=\"container\">\n\t\t\t\t\t<div class=\"e-con-inner\">\n\t\t\t\t<div class=\"elementor-element elementor-element-5851851 elementor-widget__width-initial elementor-widget elementor-widget-heading\" data-id=\"5851851\" data-element_type=\"widget\" data-widget_type=\"heading.default\">\n\t\t\t\t\t<h2 class=\"elementor-heading-title elementor-size-default\">Are you going through a difficult time after migrating?<br>\n\nDo you feel like you carried more than suitcases when you left your country?<\/h2>\t\t\t\t<\/div>\n\t\t\t\t\t<\/div>\n\t\t\t\t<\/div>\n\t\t<div class=\"elementor-element elementor-element-d2aaf1f e-flex e-con-boxed e-con e-parent\" data-id=\"d2aaf1f\" data-element_type=\"container\">\n\t\t\t\t\t<div class=\"e-con-inner\">\n\t\t<div class=\"elementor-element elementor-element-34b6395 e-con-full e-flex e-con e-child\" data-id=\"34b6395\" data-element_type=\"container\">\n\t\t\t\t<div class=\"elementor-element elementor-element-c6e93c4 elementor-widget elementor-widget-image\" data-id=\"c6e93c4\" data-element_type=\"widget\" data-widget_type=\"image.default\">\n\t\t\t\t\t\t\t\t\t\t\t\t\t\t\t<img fetchpriority=\"high\" decoding=\"async\" width=\"900\" height=\"969\" src=\"https:\/\/www.isernonprofit.com\/wp-content\/uploads\/2025\/09\/4-agendatusesion2-03-951x1024.png\" class=\"attachment-large size-large wp-image-555\" alt=\"\" srcset=\"https:\/\/www.isernonprofit.com\/wp-content\/uploads\/2025\/09\/4-agendatusesion2-03-951x1024.png 951w, https:\/\/www.isernonprofit.com\/wp-content\/uploads\/2025\/09\/4-agendatusesion2-03-279x300.png 279w, https:\/\/www.isernonprofit.com\/wp-content\/uploads\/2025\/09\/4-agendatusesion2-03-768x827.png 768w, https:\/\/www.isernonprofit.com\/wp-content\/uploads\/2025\/09\/4-agendatusesion2-03-1427x1536.png 1427w, https:\/\/www.isernonprofit.com\/wp-content\/uploads\/2025\/09\/4-agendatusesion2-03-1903x2048.png 1903w\" sizes=\"(max-width: 900px) 100vw, 900px\" \/>\t\t\t\t\t\t\t\t\t\t\t\t\t\t\t<\/div>\n\t\t\t\t<\/div>\n\t\t<div class=\"elementor-element elementor-element-52e3074 e-con-full e-flex e-con e-child\" data-id=\"52e3074\" data-element_type=\"container\">\n\t\t\t\t<div class=\"elementor-element elementor-element-a43a126 elementor-widget__width-initial elementor-widget-mobile__width-initial elementor-widget elementor-widget-text-editor\" data-id=\"a43a126\" data-element_type=\"widget\" data-widget_type=\"text-editor.default\">\n\t\t\t\t\t\t\t\t\t<p>At ISER, you can book individual virtual sessions for yoga, family constellations, and meditation.<\/p>\n<p>Each space has a duration between <strong>60 and 90 minutes,&nbsp;<\/strong>and adapts to your pace and needs.<\/p>\t\t\t\t\t\t\t\t<\/div>\n\t\t\t\t<div class=\"elementor-element elementor-element-0eb15b4 elementor-align-center elementor-widget__width-initial elementor-widget elementor-widget-button\" data-id=\"0eb15b4\" data-element_type=\"widget\" data-widget_type=\"button.default\">\n\t\t\t\t\t\t\t\t\t\t<a class=\"elementor-button elementor-button-link elementor-size-sm\" href=\"https:\/\/www.isernonprofit.com\/en\/form\/\">\n\t\t\t\t\t\t<span class=\"elementor-button-content-wrapper\">\n\t\t\t\t\t\t\t\t\t<span class=\"elementor-button-text\">Schedule your session today.<\/span>\n\t\t\t\t\t<\/span>\n\t\t\t\t\t<\/a>\n\t\t\t\t\t\t\t\t<\/div>\n\t\t\t\t<div class=\"elementor-element elementor-element-649c156 elementor-widget__width-initial elementor-widget elementor-widget-text-editor\" data-id=\"649c156\" data-element_type=\"widget\" data-widget_type=\"text-editor.default\">\n\t\t\t\t\t\t\t\t\t<p>Soon also of<\/p><p>in person in<\/p><p><strong>Chicago, USA<\/strong><\/p>\t\t\t\t\t\t\t\t<\/div>\n\t\t\t\t<\/div>\n\t\t\t\t\t<\/div>\n\t\t\t\t<\/div>\n\t\t<div class=\"elementor-element elementor-element-1ca11d6 e-flex e-con-boxed e-con e-parent\" data-id=\"1ca11d6\" data-element_type=\"container\">\n\t\t\t\t\t<div class=\"e-con-inner\">\n\t\t\t\t<div class=\"elementor-element elementor-element-a54f400 elementor-widget elementor-widget-html\" data-id=\"a54f400\" data-element_type=\"widget\" data-widget_type=\"html.default\">\n\t\t\t\t\t<a href=\"https:\/\/www.paypal.com\/donate\/?hosted_button_id=QP6XJUZ2SHJ94\" target=\"_blank\" class=\"boton-donaciones\">\r\n  Donations\r\n<\/a>\t\t\t\t<\/div>\n\t\t\t\t\t<\/div>\n\t\t\t\t<\/div>\n\t\t\t\t<\/div>","protected":false},"excerpt":{"rendered":"<p>\u00bfEst\u00e1s atravesando un momento dif\u00edcil tras migrar? \u00bfSientes que cargaste m\u00e1s que maletas cuando dejaste tu pa\u00eds? En ISER puedes reservar sesiones virtuales individuales de yoga, constelaciones familiares, meditaci\u00f3n. Cada espacio tiene una duraci\u00f3n entre 60 y 90 minutos,&nbsp;y se adapta a tu ritmo y necesidad. Agenda hoy tu sesi\u00f3n. Pronto tambi\u00e9n de forma presencial &#8230; <a title=\"agenda\" class=\"read-more\" href=\"https:\/\/www.isernonprofit.com\/en\/agenda\/\" aria-label=\"Read more about agenda\">Read more<\/a><\/p>","protected":false},"author":1,"featured_media":0,"parent":0,"menu_order":0,"comment_status":"closed","ping_status":"closed","template":"elementor_canvas","meta":{"_joinchat":[],"footnotes":""},"class_list":["post-542","page","type-page","status-publish"],"_links":{"self":[{"href":"https:\/\/www.isernonprofit.com\/en\/wp-json\/wp\/v2\/pages\/542","targetHints":{"allow":["GET"]}}],"collection":[{"href":"https:\/\/www.isernonprofit.com\/en\/wp-json\/wp\/v2\/pages"}],"about":[{"href":"https:\/\/www.isernonprofit.com\/en\/wp-json\/wp\/v2\/types\/page"}],"author":[{"embeddable":true,"href":"https:\/\/www.isernonprofit.com\/en\/wp-json\/wp\/v2\/users\/1"}],"replies":[{"embeddable":true,"href":"https:\/\/www.isernonprofit.com\/en\/wp-json\/wp\/v2\/comments?post=542"}],"version-history":[{"count":70,"href":"https:\/\/www.isernonprofit.com\/en\/wp-json\/wp\/v2\/pages\/542\/revisions"}],"predecessor-version":[{"id":1782,"href":"https:\/\/www.isernonprofit.com\/en\/wp-json\/wp\/v2\/pages\/542\/revisions\/1782"}],"wp:attachment":[{"href":"https:\/\/www.isernonprofit.com\/en\/wp-json\/wp\/v2\/media?parent=542"}],"curies":[{"name":"wp","href":"https:\/\/api.w.org\/{rel}","templated":true}]}}