{"id":587,"date":"2025-09-02T21:32:13","date_gmt":"2025-09-02T21:32:13","guid":{"rendered":"https:\/\/isernonprofit.com\/?page_id=587"},"modified":"2025-09-09T21:59:19","modified_gmt":"2025-09-09T21:59:19","slug":"contacto","status":"publish","type":"page","link":"https:\/\/www.isernonprofit.com\/en\/contacto\/","title":{"rendered":"contact"},"content":{"rendered":"<div data-elementor-type=\"wp-page\" data-elementor-id=\"587\" class=\"elementor elementor-587\">\n\t\t\t\t<div class=\"elementor-element elementor-element-4d4d90c e-flex e-con-boxed e-con e-parent\" data-id=\"4d4d90c\" data-element_type=\"container\">\n\t\t\t\t\t<div class=\"e-con-inner\">\n\t\t\t\t<div class=\"elementor-element elementor-element-50fc1ca elementor-widget__width-initial elementor-widget elementor-widget-text-editor\" data-id=\"50fc1ca\" data-element_type=\"widget\" data-widget_type=\"text-editor.default\">\n\t\t\t\t\t\t\t\t\t<p style=\"text-align: center;\">Contact us for support <br \/>emotional or participate in our podcast<\/p>\t\t\t\t\t\t\t\t<\/div>\n\t\t\t\t\t<\/div>\n\t\t\t\t<\/div>\n\t\t<div class=\"elementor-element elementor-element-7e69081 e-flex e-con-boxed e-con e-parent\" data-id=\"7e69081\" data-element_type=\"container\">\n\t\t\t\t\t<div class=\"e-con-inner\">\n\t\t<div class=\"elementor-element elementor-element-b190edd e-con-full e-flex e-con e-child\" data-id=\"b190edd\" data-element_type=\"container\">\n\t\t\t\t<div class=\"elementor-element elementor-element-43163d1 elementor-widget elementor-widget-image\" data-id=\"43163d1\" data-element_type=\"widget\" data-widget_type=\"image.default\">\n\t\t\t\t\t\t\t\t\t\t\t\t\t\t\t<img fetchpriority=\"high\" decoding=\"async\" width=\"900\" height=\"817\" src=\"https:\/\/www.isernonprofit.com\/wp-content\/uploads\/2025\/09\/5-contacto-02-1024x929.png\" class=\"attachment-large size-large wp-image-595\" alt=\"\" srcset=\"https:\/\/www.isernonprofit.com\/wp-content\/uploads\/2025\/09\/5-contacto-02-1024x929.png 1024w, https:\/\/www.isernonprofit.com\/wp-content\/uploads\/2025\/09\/5-contacto-02-300x272.png 300w, https:\/\/www.isernonprofit.com\/wp-content\/uploads\/2025\/09\/5-contacto-02-768x697.png 768w, https:\/\/www.isernonprofit.com\/wp-content\/uploads\/2025\/09\/5-contacto-02-1536x1394.png 1536w, https:\/\/www.isernonprofit.com\/wp-content\/uploads\/2025\/09\/5-contacto-02.png 2019w\" sizes=\"(max-width: 900px) 100vw, 900px\" \/>\t\t\t\t\t\t\t\t\t\t\t\t\t\t\t<\/div>\n\t\t\t\t<\/div>\n\t\t<div class=\"elementor-element elementor-element-92f866c e-con-full e-flex e-con e-child\" data-id=\"92f866c\" data-element_type=\"container\">\n\t\t\t\t<div class=\"elementor-element elementor-element-45084d2 elementor-widget__width-initial elementor-widget-mobile__width-initial elementor-widget elementor-widget-text-editor\" data-id=\"45084d2\" data-element_type=\"widget\" data-widget_type=\"text-editor.default\">\n\t\t\t\t\t\t\t\t\t<p>Do you have questions about our services?<br \/>Would you like to share your story on the podcast?<br \/>Looking for guidance to begin your healing process?<br \/>Write to us and a member of our team will respond with warmth and confidentiality.<\/p><p>You can also follow us on social media or explore our free content.<\/p>\t\t\t\t\t\t\t\t<\/div>\n\t\t\t\t<div class=\"elementor-element elementor-element-b65ab8c elementor-align-center elementor-widget__width-initial elementor-widget elementor-widget-button\" data-id=\"b65ab8c\" data-element_type=\"widget\" data-widget_type=\"button.default\">\n\t\t\t\t\t\t\t\t\t\t<a class=\"elementor-button elementor-button-link elementor-size-sm\" href=\"https:\/\/www.isernonprofit.com\/en\/formulario_contacto\/\">\n\t\t\t\t\t\t<span class=\"elementor-button-content-wrapper\">\n\t\t\t\t\t\t\t\t\t<span class=\"elementor-button-text\">Contact<\/span>\n\t\t\t\t\t<\/span>\n\t\t\t\t\t<\/a>\n\t\t\t\t\t\t\t\t<\/div>\n\t\t\t\t<\/div>\n\t\t\t\t\t<\/div>\n\t\t\t\t<\/div>\n\t\t<div class=\"elementor-element elementor-element-5cfc5ab e-flex e-con-boxed e-con e-parent\" data-id=\"5cfc5ab\" data-element_type=\"container\">\n\t\t\t\t\t<div class=\"e-con-inner\">\n\t\t\t\t<div class=\"elementor-element elementor-element-58b2bbe elementor-widget elementor-widget-html\" data-id=\"58b2bbe\" data-element_type=\"widget\" data-widget_type=\"html.default\">\n\t\t\t\t\t<a href=\"https:\/\/www.paypal.com\/donate\/?hosted_button_id=QP6XJUZ2SHJ94\" target=\"_blank\" class=\"boton-donaciones\">\r\n  Donations\r\n<\/a>\t\t\t\t<\/div>\n\t\t\t\t\t<\/div>\n\t\t\t\t<\/div>\n\t\t\t\t<\/div>","protected":false},"excerpt":{"rendered":"<p>Cont\u00e1ctanos para recibir acompa\u00f1amiento emocional o participar en nuestro podcast \u00bfTienes preguntas sobre nuestros servicios?\u00bfTe gustar\u00eda compartir tu historia en el podcast?\u00bfBuscas orientaci\u00f3n para empezar tu proceso de sanaci\u00f3n?Escr\u00edbenos y una persona de nuestro equipo te responder\u00e1 con calidez y confidencialidad. Tambi\u00e9n puedes seguirnos en redes o explorar nuestros contenidos gratuitos. Contacto Donaciones<\/p>","protected":false},"author":1,"featured_media":0,"parent":0,"menu_order":0,"comment_status":"closed","ping_status":"closed","template":"elementor_canvas","meta":{"_joinchat":[],"footnotes":""},"class_list":["post-587","page","type-page","status-publish"],"_links":{"self":[{"href":"https:\/\/www.isernonprofit.com\/en\/wp-json\/wp\/v2\/pages\/587","targetHints":{"allow":["GET"]}}],"collection":[{"href":"https:\/\/www.isernonprofit.com\/en\/wp-json\/wp\/v2\/pages"}],"about":[{"href":"https:\/\/www.isernonprofit.com\/en\/wp-json\/wp\/v2\/types\/page"}],"author":[{"embeddable":true,"href":"https:\/\/www.isernonprofit.com\/en\/wp-json\/wp\/v2\/users\/1"}],"replies":[{"embeddable":true,"href":"https:\/\/www.isernonprofit.com\/en\/wp-json\/wp\/v2\/comments?post=587"}],"version-history":[{"count":25,"href":"https:\/\/www.isernonprofit.com\/en\/wp-json\/wp\/v2\/pages\/587\/revisions"}],"predecessor-version":[{"id":1663,"href":"https:\/\/www.isernonprofit.com\/en\/wp-json\/wp\/v2\/pages\/587\/revisions\/1663"}],"wp:attachment":[{"href":"https:\/\/www.isernonprofit.com\/en\/wp-json\/wp\/v2\/media?parent=587"}],"curies":[{"name":"wp","href":"https:\/\/api.w.org\/{rel}","templated":true}]}}